{"id":260,"date":"2018-10-08T09:45:31","date_gmt":"2018-10-08T06:45:31","guid":{"rendered":"https:\/\/villavolli.ee\/cv\/"},"modified":"2020-04-03T12:49:35","modified_gmt":"2020-04-03T09:49:35","slug":"cv","status":"publish","type":"page","link":"https:\/\/villavolli.ee\/en\/cv\/","title":{"rendered":"CV"},"content":{"rendered":"<div class=\"wpb-content-wrapper\"><section class=\"l-section wpb_row height_medium\"><div class=\"l-section-h i-cf\"><div class=\"g-cols vc_row type_default valign_top\"><div class=\"vc_col-sm-12 wpb_column vc_column_container\"><div class=\"vc_column-inner\"><div class=\"wpb_wrapper\"><div class=\"g-cols wpb_row type_default valign_top vc_inner \"><div class=\"vc_col-sm-4 wpb_column vc_column_container\"><div class=\"vc_column-inner\"><div class=\"wpb_wrapper\"><div class=\"w-image align_center ring-pilt\"><div class=\"w-image-h\"><img loading=\"lazy\" decoding=\"async\" width=\"600\" height=\"600\" src=\"https:\/\/villavolli.ee\/wp-content\/uploads\/2018\/10\/Erika-Pedak_portree-600x600.jpg\" class=\"attachment-us_600_600_crop size-us_600_600_crop\" alt=\"\" srcset=\"https:\/\/villavolli.ee\/wp-content\/uploads\/2018\/10\/Erika-Pedak_portree-600x600.jpg 600w, https:\/\/villavolli.ee\/wp-content\/uploads\/2018\/10\/Erika-Pedak_portree-90x90.jpg 90w, https:\/\/villavolli.ee\/wp-content\/uploads\/2018\/10\/Erika-Pedak_portree-150x150.jpg 150w, https:\/\/villavolli.ee\/wp-content\/uploads\/2018\/10\/Erika-Pedak_portree-350x350.jpg 350w, https:\/\/villavolli.ee\/wp-content\/uploads\/2018\/10\/Erika-Pedak_portree-300x300.jpg 300w, https:\/\/villavolli.ee\/wp-content\/uploads\/2018\/10\/Erika-Pedak_portree-100x100.jpg 100w\" sizes=\"auto, (max-width: 600px) 100vw, 600px\" \/><\/div><\/div>\n\t<div class=\"wpb_text_column  image-text\">\n\t\t<div class=\"wpb_wrapper\">\n\t\t\t<p style=\"text-align: center;\">Erika Pedak<\/p>\n\n\t\t<\/div>\n\t<\/div>\n\n\t<div class=\"wpb_text_column \">\n\t\t<div class=\"wpb_wrapper\">\n\t\t\t<p style=\"text-align: center;\"><a href=\"https:\/\/villavolli.ee\/en\/cv\/erika-pedak\/\">CV<\/a><br \/>\n<a href=\"https:\/\/villavolli.ee\/en\/cv\/erika-pedak-valik-gobelaane\/\">Valik gobel\u00e4\u00e4ne<\/a><br \/>\n<a href=\"https:\/\/villavolli.ee\/en\/cv\/erika-pedak-valik-autoritehnikas-toid\/\">Valik autoritehnikas t\u00f6id<\/a><\/p>\n\n\t\t<\/div>\n\t<\/div>\n<\/div><\/div><\/div><div class=\"vc_col-sm-4 wpb_column vc_column_container\"><div class=\"vc_column-inner\"><div class=\"wpb_wrapper\"><div class=\"w-image align_center ring-pilt\"><div class=\"w-image-h\"><img loading=\"lazy\" decoding=\"async\" width=\"600\" height=\"600\" src=\"https:\/\/villavolli.ee\/wp-content\/uploads\/2018\/10\/Aet-Pedak_CV-mummu-600x600.jpg\" class=\"attachment-us_600_600_crop size-us_600_600_crop\" alt=\"\" srcset=\"https:\/\/villavolli.ee\/wp-content\/uploads\/2018\/10\/Aet-Pedak_CV-mummu-600x600.jpg 600w, https:\/\/villavolli.ee\/wp-content\/uploads\/2018\/10\/Aet-Pedak_CV-mummu-90x90.jpg 90w, https:\/\/villavolli.ee\/wp-content\/uploads\/2018\/10\/Aet-Pedak_CV-mummu-150x150.jpg 150w, https:\/\/villavolli.ee\/wp-content\/uploads\/2018\/10\/Aet-Pedak_CV-mummu-350x350.jpg 350w, https:\/\/villavolli.ee\/wp-content\/uploads\/2018\/10\/Aet-Pedak_CV-mummu-300x300.jpg 300w, https:\/\/villavolli.ee\/wp-content\/uploads\/2018\/10\/Aet-Pedak_CV-mummu-100x100.jpg 100w\" sizes=\"auto, (max-width: 600px) 100vw, 600px\" \/><\/div><\/div>\n\t<div class=\"wpb_text_column  image-text\">\n\t\t<div class=\"wpb_wrapper\">\n\t\t\t<p style=\"text-align: center;\">Aet Pedak<\/p>\n\n\t\t<\/div>\n\t<\/div>\n\n\t<div class=\"wpb_text_column \">\n\t\t<div class=\"wpb_wrapper\">\n\t\t\t<p>&nbsp;<\/p>\n<p>&nbsp;<\/p>\n<p>&nbsp;<\/p>\n\n\t\t<\/div>\n\t<\/div>\n<\/div><\/div><\/div><div class=\"vc_col-sm-4 wpb_column vc_column_container\"><div class=\"vc_column-inner\"><div class=\"wpb_wrapper\"><div class=\"w-image align_center ring-pilt\"><div class=\"w-image-h\"><img loading=\"lazy\" decoding=\"async\" width=\"600\" height=\"600\" src=\"https:\/\/villavolli.ee\/wp-content\/uploads\/2018\/10\/Tambet-Pedak_CV-600x600.jpg\" class=\"attachment-us_600_600_crop size-us_600_600_crop\" alt=\"\" srcset=\"https:\/\/villavolli.ee\/wp-content\/uploads\/2018\/10\/Tambet-Pedak_CV-600x600.jpg 600w, https:\/\/villavolli.ee\/wp-content\/uploads\/2018\/10\/Tambet-Pedak_CV-90x90.jpg 90w, https:\/\/villavolli.ee\/wp-content\/uploads\/2018\/10\/Tambet-Pedak_CV-150x150.jpg 150w, https:\/\/villavolli.ee\/wp-content\/uploads\/2018\/10\/Tambet-Pedak_CV-350x350.jpg 350w, https:\/\/villavolli.ee\/wp-content\/uploads\/2018\/10\/Tambet-Pedak_CV-300x300.jpg 300w, https:\/\/villavolli.ee\/wp-content\/uploads\/2018\/10\/Tambet-Pedak_CV-100x100.jpg 100w\" sizes=\"auto, (max-width: 600px) 100vw, 600px\" \/><\/div><\/div>\n\t<div class=\"wpb_text_column  image-text\">\n\t\t<div class=\"wpb_wrapper\">\n\t\t\t<p style=\"text-align: center;\">Tambet \u00a0Pedak<\/p>\n\n\t\t<\/div>\n\t<\/div>\n\n\t<div class=\"wpb_text_column \">\n\t\t<div class=\"wpb_wrapper\">\n\t\t\t<p style=\"text-align: center;\"><a href=\"https:\/\/villavolli.ee\/en\/cv\/tambet-pedak\/\">CV<\/a><br \/>\n<a href=\"https:\/\/villavolli.ee\/en\/?page_id=1045\">Valik tehtud t\u00f6id<\/a><\/p>\n\n\t\t<\/div>\n\t<\/div>\n<\/div><\/div><\/div><\/div><\/div><\/div><\/div><\/div><\/div><\/section>\n<\/div>","protected":false},"excerpt":{"rendered":"Erika Pedak CV Valik gobel\u00e4\u00e4ne Valik autoritehnikas t\u00f6id Aet Pedak &nbsp; &nbsp; &nbsp; Tambet \u00a0Pedak CV Valik tehtud t\u00f6id","protected":false},"author":1,"featured_media":0,"parent":0,"menu_order":0,"comment_status":"closed","ping_status":"closed","template":"","meta":{"footnotes":""},"class_list":["post-260","page","type-page","status-publish","hentry"],"_links":{"self":[{"href":"https:\/\/villavolli.ee\/en\/wp-json\/wp\/v2\/pages\/260","targetHints":{"allow":["GET"]}}],"collection":[{"href":"https:\/\/villavolli.ee\/en\/wp-json\/wp\/v2\/pages"}],"about":[{"href":"https:\/\/villavolli.ee\/en\/wp-json\/wp\/v2\/types\/page"}],"author":[{"embeddable":true,"href":"https:\/\/villavolli.ee\/en\/wp-json\/wp\/v2\/users\/1"}],"replies":[{"embeddable":true,"href":"https:\/\/villavolli.ee\/en\/wp-json\/wp\/v2\/comments?post=260"}],"version-history":[{"count":7,"href":"https:\/\/villavolli.ee\/en\/wp-json\/wp\/v2\/pages\/260\/revisions"}],"predecessor-version":[{"id":1056,"href":"https:\/\/villavolli.ee\/en\/wp-json\/wp\/v2\/pages\/260\/revisions\/1056"}],"wp:attachment":[{"href":"https:\/\/villavolli.ee\/en\/wp-json\/wp\/v2\/media?parent=260"}],"curies":[{"name":"wp","href":"https:\/\/api.w.org\/{rel}","templated":true}]}}