{"id":261,"date":"2018-10-08T09:45:04","date_gmt":"2018-10-08T06:45:04","guid":{"rendered":"https:\/\/villavolli.ee\/tootoad\/"},"modified":"2020-12-19T15:49:18","modified_gmt":"2020-12-19T13:49:18","slug":"tootoad","status":"publish","type":"page","link":"https:\/\/villavolli.ee\/en\/tootoad\/","title":{"rendered":"T\u00f6\u00f6toad"},"content":{"rendered":"<div class=\"wpb-content-wrapper\"><section class=\"l-section wpb_row height_medium\"><div class=\"l-section-h i-cf\"><div class=\"g-cols vc_row type_default valign_top\"><div class=\"vc_col-sm-12 wpb_column vc_column_container\"><div class=\"vc_column-inner\"><div class=\"wpb_wrapper\"><div class=\"w-image align_center ring-pilt\"><div class=\"w-image-h\"><img loading=\"lazy\" decoding=\"async\" width=\"600\" height=\"600\" src=\"https:\/\/villavolli.ee\/wp-content\/uploads\/2018\/10\/T\u00f6\u00f6toa-mummule-600x600.jpg\" class=\"attachment-us_600_600_crop size-us_600_600_crop\" alt=\"\" srcset=\"https:\/\/villavolli.ee\/wp-content\/uploads\/2018\/10\/T\u00f6\u00f6toa-mummule-600x600.jpg 600w, https:\/\/villavolli.ee\/wp-content\/uploads\/2018\/10\/T\u00f6\u00f6toa-mummule-90x90.jpg 90w, https:\/\/villavolli.ee\/wp-content\/uploads\/2018\/10\/T\u00f6\u00f6toa-mummule-150x150.jpg 150w, https:\/\/villavolli.ee\/wp-content\/uploads\/2018\/10\/T\u00f6\u00f6toa-mummule-350x350.jpg 350w, https:\/\/villavolli.ee\/wp-content\/uploads\/2018\/10\/T\u00f6\u00f6toa-mummule-300x300.jpg 300w, https:\/\/villavolli.ee\/wp-content\/uploads\/2018\/10\/T\u00f6\u00f6toa-mummule-100x100.jpg 100w\" sizes=\"auto, (max-width: 600px) 100vw, 600px\" \/><\/div><\/div>\n\t<div class=\"wpb_text_column  image-text\">\n\t\t<div class=\"wpb_wrapper\">\n\t\t\t<p style=\"text-align: center;\">Villa Volli<\/p>\n\n\t\t<\/div>\n\t<\/div>\n\n\t<div class=\"wpb_text_column \">\n\t\t<div class=\"wpb_wrapper\">\n\t\t\t<p style=\"text-align: center;\">Korraldame m\u00e4rgviltimise t\u00f6\u00f6tubasid kuni viiele inimesele korraga.<br \/>\nOsalustasu s\u00f5ltub selle pikkusest, sisust ja osalejate arvust.<\/p>\n\n\t\t<\/div>\n\t<\/div>\n\n\t<div class=\"wpb_text_column \">\n\t\t<div class=\"wpb_wrapper\">\n\t\t\t<p style=\"text-align: center;\"><a href=\"\/?page_id=1173\"><strong>TOIMUNUD T\u00d6\u00d6TOAD<\/strong><\/a><\/p>\n\n\t\t<\/div>\n\t<\/div>\n<\/div><\/div><\/div><\/div><\/div><\/section>\n<\/div>","protected":false},"excerpt":{"rendered":"Villa Volli Korraldame m\u00e4rgviltimise t\u00f6\u00f6tubasid kuni viiele inimesele korraga. Osalustasu s\u00f5ltub selle pikkusest, sisust ja osalejate arvust. TOIMUNUD T\u00d6\u00d6TOAD","protected":false},"author":1,"featured_media":1380,"parent":0,"menu_order":0,"comment_status":"closed","ping_status":"closed","template":"","meta":{"footnotes":""},"class_list":["post-261","page","type-page","status-publish","has-post-thumbnail","hentry"],"_links":{"self":[{"href":"https:\/\/villavolli.ee\/en\/wp-json\/wp\/v2\/pages\/261","targetHints":{"allow":["GET"]}}],"collection":[{"href":"https:\/\/villavolli.ee\/en\/wp-json\/wp\/v2\/pages"}],"about":[{"href":"https:\/\/villavolli.ee\/en\/wp-json\/wp\/v2\/types\/page"}],"author":[{"embeddable":true,"href":"https:\/\/villavolli.ee\/en\/wp-json\/wp\/v2\/users\/1"}],"replies":[{"embeddable":true,"href":"https:\/\/villavolli.ee\/en\/wp-json\/wp\/v2\/comments?post=261"}],"version-history":[{"count":3,"href":"https:\/\/villavolli.ee\/en\/wp-json\/wp\/v2\/pages\/261\/revisions"}],"predecessor-version":[{"id":1384,"href":"https:\/\/villavolli.ee\/en\/wp-json\/wp\/v2\/pages\/261\/revisions\/1384"}],"wp:featuredmedia":[{"embeddable":true,"href":"https:\/\/villavolli.ee\/en\/wp-json\/wp\/v2\/media\/1380"}],"wp:attachment":[{"href":"https:\/\/villavolli.ee\/en\/wp-json\/wp\/v2\/media?parent=261"}],"curies":[{"name":"wp","href":"https:\/\/api.w.org\/{rel}","templated":true}]}}