{"id":267,"date":"2018-10-08T09:45:36","date_gmt":"2018-10-08T06:45:36","guid":{"rendered":"https:\/\/villavolli.ee\/kontakt\/"},"modified":"2024-11-18T16:53:31","modified_gmt":"2024-11-18T14:53:31","slug":"kontakt","status":"publish","type":"page","link":"https:\/\/villavolli.ee\/en\/kontakt\/","title":{"rendered":"Kontakt"},"content":{"rendered":"<div class=\"wpb-content-wrapper\"><section class=\"l-section wpb_row height_medium\"><div class=\"l-section-h i-cf\"><div class=\"g-cols vc_row type_default valign_top\"><div class=\"vc_col-sm-12 wpb_column vc_column_container\"><div class=\"vc_column-inner\"><div class=\"wpb_wrapper\"><div class=\"w-image align_center ring-pilt\"><div class=\"w-image-h\"><img loading=\"lazy\" decoding=\"async\" width=\"600\" height=\"600\" src=\"https:\/\/villavolli.ee\/wp-content\/uploads\/2018\/10\/vaip24-600x600.jpg\" class=\"attachment-us_600_600_crop size-us_600_600_crop\" alt=\"\" srcset=\"https:\/\/villavolli.ee\/wp-content\/uploads\/2018\/10\/vaip24-600x600.jpg 600w, https:\/\/villavolli.ee\/wp-content\/uploads\/2018\/10\/vaip24-90x90.jpg 90w, https:\/\/villavolli.ee\/wp-content\/uploads\/2018\/10\/vaip24-150x150.jpg 150w, https:\/\/villavolli.ee\/wp-content\/uploads\/2018\/10\/vaip24-350x350.jpg 350w, https:\/\/villavolli.ee\/wp-content\/uploads\/2018\/10\/vaip24-300x300.jpg 300w, https:\/\/villavolli.ee\/wp-content\/uploads\/2018\/10\/vaip24-100x100.jpg 100w\" sizes=\"auto, (max-width: 600px) 100vw, 600px\" \/><\/div><\/div>\n\t<div class=\"wpb_text_column \">\n\t\t<div class=\"wpb_wrapper\">\n\t\t\t<p style=\"text-align: center;\">Ringtee 15 \/ II korrus<br \/>\n93815 Kuressaare<br \/>\nSaaremaa<br \/>\nEesti<\/p>\n<p style=\"text-align: center;\">info@villavolli.ee<br \/>\n+372 5665 6775<\/p>\n<p><iframe src=\"https:\/\/www.google.com\/maps\/embed?pb=!1m18!1m12!1m3!1d2098.474493297311!2d22.490145613821344!3d58.267282274009574!2m3!1f0!2f0!3f0!3m2!1i1024!2i768!4f13.1!3m3!1m2!1s0x46f26c55700c78b7%3A0x7b8078f240ad17a9!2sRingtee%2015%2C%20Kuressaare%2C%2093815%20Saare%20maakond!5e0!3m2!1sen!2see!4v1731941548791!5m2!1sen!2see\" width=\"100%\" height=\"300\" style=\"border:0;\" allowfullscreen=\"\" loading=\"lazy\" referrerpolicy=\"no-referrer-when-downgrade\"><\/iframe><\/p>\n<p style=\"text-align: center;\">Meie tooted on m\u00fc\u00fcgil ka:<br \/>\nNoar.eu<br \/>\nSaaremaa Kunstistuudio galeriis, Lossi 5 Kuressaares<br \/>\nJ\u00fcri-Jaani talustuudio Aiagaleriis, L\u00f5etsa k\u00fclas Muhus<\/p>\n\n\t\t<\/div>\n\t<\/div>\n<\/div><\/div><\/div><\/div><\/div><\/section>\n<\/div>","protected":false},"excerpt":{"rendered":"Ringtee 15 \/ II korrus 93815 Kuressaare Saaremaa Eesti info@villavolli.ee +372 5665 6775 Meie tooted on m\u00fc\u00fcgil ka: Noar.eu Saaremaa Kunstistuudio galeriis, Lossi 5 Kuressaares J\u00fcri-Jaani talustuudio Aiagaleriis, L\u00f5etsa k\u00fclas Muhus","protected":false},"author":1,"featured_media":0,"parent":0,"menu_order":0,"comment_status":"closed","ping_status":"closed","template":"","meta":{"footnotes":""},"class_list":["post-267","page","type-page","status-publish","hentry"],"_links":{"self":[{"href":"https:\/\/villavolli.ee\/en\/wp-json\/wp\/v2\/pages\/267","targetHints":{"allow":["GET"]}}],"collection":[{"href":"https:\/\/villavolli.ee\/en\/wp-json\/wp\/v2\/pages"}],"about":[{"href":"https:\/\/villavolli.ee\/en\/wp-json\/wp\/v2\/types\/page"}],"author":[{"embeddable":true,"href":"https:\/\/villavolli.ee\/en\/wp-json\/wp\/v2\/users\/1"}],"replies":[{"embeddable":true,"href":"https:\/\/villavolli.ee\/en\/wp-json\/wp\/v2\/comments?post=267"}],"version-history":[{"count":5,"href":"https:\/\/villavolli.ee\/en\/wp-json\/wp\/v2\/pages\/267\/revisions"}],"predecessor-version":[{"id":3517,"href":"https:\/\/villavolli.ee\/en\/wp-json\/wp\/v2\/pages\/267\/revisions\/3517"}],"wp:attachment":[{"href":"https:\/\/villavolli.ee\/en\/wp-json\/wp\/v2\/media?parent=267"}],"curies":[{"name":"wp","href":"https:\/\/api.w.org\/{rel}","templated":true}]}}