{"id":268,"date":"2018-10-23T16:10:59","date_gmt":"2018-10-23T13:10:59","guid":{"rendered":"https:\/\/villavolli.ee\/cv\/tambet-pedak\/"},"modified":"2024-08-08T20:31:40","modified_gmt":"2024-08-08T17:31:40","slug":"tambet-pedak","status":"publish","type":"page","link":"https:\/\/villavolli.ee\/en\/cv\/tambet-pedak\/","title":{"rendered":"Tambet  Pedak"},"content":{"rendered":"<p><strong>Tambet Pedak<br \/>\n<\/strong>tambet@luuk.ee \/ +372 5534476<\/p>\n<p><strong>Haridus<\/strong><br \/>\n1995 \u2013 2000 EKA Sisearhitektuuri osakond<br \/>\n1989 \u2013 1993 Tartu Kunstikool, M\u00f6\u00f6bli kujundamise ja restaureerimise eriala<\/p>\n<p><strong>T\u00f6\u00f6<\/strong><br \/>\nAlates 2004 Luuk O\u00dc, sisearhitekt, juhatuse esimees, omanik<br \/>\n1998 \u2013 2004 ARS-Interj\u00f6\u00f6rprojekt O\u00dc \/ ARS Projekt O\u00dc, sisearhitekt<\/p>\n<p><strong>Valik tehtud t\u00f6id<\/strong><br \/>\n2018 Tartu Linnavalitsuse IT Teenistuse kontor, Raekoja plats 14, Tartu<br \/>\nautorid: Tambet Pedak, Aet Seire<br \/>\n2018 Eramu, Riiassaare k\u00fcla, Suure-Jaani vald, Viljandi maakond<br \/>\n2018 Jahimaja, Valga maakond<br \/>\n2016 Eramu, Sammuli, Viljandi maakond<br \/>\n2016 Vilcon kontoriruumid, P\u00f5hja pst.17 \/ Soo tn. 1A, Tallinn<br \/>\n2015 Vilcon kontoriruumid, Tallinna tn.5, Viljandi<br \/>\n2015 Photopoint m\u00fc\u00fcgisalong Tartu Keskuses, Riia tn. 2, Tartu<br \/>\nautorid: Tambet Pedak, Aet Seire<br \/>\n2014 Photopoint m\u00fc\u00fcgisalong L\u00f5unakeskuses, Ringtee 75, Tartu<br \/>\nautorid: Tambet Pedak, Aet Seire<br \/>\n2014 Photopoint m\u00fc\u00fcgisalong \u00dclemiste Keskuses, Suur-S\u00f5jam\u00e4e 4, Tallinn<br \/>\nautorid: Tambet Pedak, Aet Seire<br \/>\n2010 Photopoint m\u00fc\u00fcgisalong Kristiine Keskuses, Endla 45, Tallinn<br \/>\nautorid: Tambet Pedak, Aet Seire<br \/>\n2010 \u00d6\u00f6klubi AHI, Turu 21, Tartu<br \/>\nautorid: Tambet Pedak, Elen Tamm<br \/>\n2009 Telepoint m\u00fc\u00fcgisalong Tartu L\u00f5unakeskuses<br \/>\n2008 Photopoint m\u00fc\u00fcgisalong Rocc-al-Mare Keskuses, Tallinn<br \/>\nautorid: Tambet Pedak, Aet Seire<br \/>\n2007 Luisa T\u00f5lkeb\u00fcroo, Tartu<br \/>\n2006 Husqvarna b\u00fcrooruumid, J\u00fcri<br \/>\n2006 Aasa K\u00fclalistemaja, Viljandi<br \/>\n2006 Dedi kohvik-bistroo, Tartu Kaubamaja<br \/>\nautorid: Tambet Pedak, Tairo P\u00e4rnamets<br \/>\n2005 Eesti Posti m\u00fc\u00fcgipunkt, Tartus L\u00f5unakeskus<br \/>\n2005 Levi Ehitus kontoriruumid Leola 49, Viljandi<br \/>\n2004 Photopoint m\u00fc\u00fcgisalong \u00dclemiste Keskuses, Tallinn<br \/>\nautorid: Tambet Pedak, Aet Seire<br \/>\n2003 Hansapanga filiaal Eedeni kaubanduskeskuses, Tartu<br \/>\n2003 Tartu Peapostkontori rekonstrueerimine<br \/>\n2003 DFDS Transport kontoripinnad, Tallinn<br \/>\n2003 Reisivagunite eskiisprojekt, Edelaraudtee<br \/>\n2003 Deli24 toitlustus, Estonia pst.1, Tallinn<br \/>\n2002 Hansapanga filiaal, Kindral Laidoneri plats 5, Viljandi<br \/>\nautorid: Tambet Pedak, Rasmus Tamme<br \/>\n2002 K\u00fclalistemaja ja eramu arh.eskiisprojekt, Suur-Lossi tn. 23\/25, Haapsalu<br \/>\n2001 Saku Suurhall, Tallinn<br \/>\nautorid: Tambet Pedak, Maarja Valk-Falk, Eero J\u00fcrgenson<br \/>\n2001 Deli24 toitlustus, P\u00e4rnu mnt.139, Tallinn<br \/>\n2001 AS Sangar b\u00fcrooruumide sisearhitektuurne projekt, S\u00f5pruse pst.2, Tartu<br \/>\n1999 Hotell Kongo, Kalda tee 17\/19, Haapsalu<br \/>\nautorid: Tambet Pedak, Karolin K\u00f5ll<br \/>\n1999 Hansapanga filiaal, Hansakeskuses, Tartu<br \/>\nautorid: Tambet Pedak, Eero J\u00fcrgenson<br \/>\n1998 Grand Hotell Tallinn<br \/>\nautorid: Tambet Pedak, Eero J\u00fcrgenson, Andro K\u00f6\u00f6p<\/p>\n<p><strong>N\u00e4itused<br \/>\n<\/strong>2024 kutsutud k\u00fclalisena Tartu kunsti n\u00e4itusel- V\u00e4ltevahelduslik- kuraator Veiko Klemmer, P\u00e4rnus<br \/>\n2023 koos Erika Pedakuga K\u00e4rdla Kultuurikeskuses ja Nelja Nurga Galeriis Hiiumaal<br \/>\n2022 koos Erika Pedakuga Kuressaare Raegaleriis<br \/>\n2021 koos Erika Pedakuga, Eesti Rahva Muuseum2023 koos Tambet Pedakuga K\u00e4rdla Kultuurikeskuses ja Nelja Nurga Galeriis Hiiumaal<br \/>\n2022 koos Erika Pedakuga Kuressaare Raegaleriis<br \/>\n2021 koos Erika Pedakuga, Eesti Rahva Muuseum<br \/>\n2020 N\u00e4itus koos Erika Pedakuga, Vabaduse galerii Tallinnas\u00a0 ja Kuressaare loss<br \/>\n2001 N\u00e4itus koos Erika Pedakuga, Tartu Kunstimaja Monumentaalgalerii<br \/>\n2000 Ruum ja Vorm 2000, Arhitektuurimuuseum, Tallinn*<br \/>\n1998 Taani Disaini K\u00f5rgkooli ja EKA sisearhitektuuri osakonna \u00fcli\u00f5pilaste \u00fchine workshop Tallinnas. R\u00e4ndn\u00e4itus selle raames EKA galeriis; Leedus, L\u00e4tis, Tallinna Kunstihoones ( Taani disaini \u00fclevaaten\u00e4ituse osana ).<\/p>\n<p><strong>Tunnustused<\/strong><br \/>\n2006 Eesti Sisearhitektide Liidu (ESL) aastapreemia konkursi nominent<br \/>\n1997 AS Moodulmaja poolt korraldatud konkurss \u201d XXI sajandi KIOSK \u201d<br \/>\n2. ja 3. koht<\/p>\n","protected":false},"excerpt":{"rendered":"<p>Tambet Pedak tambet@luuk.ee \/ +372 5534476 Haridus 1995 \u2013 2000 EKA Sisearhitektuuri osakond 1989 \u2013 1993 Tartu Kunstikool, M\u00f6\u00f6bli kujundamise ja restaureerimise eriala T\u00f6\u00f6 Alates 2004 Luuk O\u00dc, sisearhitekt, juhatuse esimees, omanik 1998 \u2013 2004 ARS-Interj\u00f6\u00f6rprojekt O\u00dc \/ ARS Projekt O\u00dc, sisearhitekt Valik tehtud t\u00f6id 2018 Tartu Linnavalitsuse IT Teenistuse kontor, Raekoja plats 14, Tartu&#8230;<\/p>\n","protected":false},"author":1,"featured_media":0,"parent":260,"menu_order":0,"comment_status":"closed","ping_status":"closed","template":"","meta":{"footnotes":""},"class_list":["post-268","page","type-page","status-publish","hentry"],"_links":{"self":[{"href":"https:\/\/villavolli.ee\/en\/wp-json\/wp\/v2\/pages\/268","targetHints":{"allow":["GET"]}}],"collection":[{"href":"https:\/\/villavolli.ee\/en\/wp-json\/wp\/v2\/pages"}],"about":[{"href":"https:\/\/villavolli.ee\/en\/wp-json\/wp\/v2\/types\/page"}],"author":[{"embeddable":true,"href":"https:\/\/villavolli.ee\/en\/wp-json\/wp\/v2\/users\/1"}],"replies":[{"embeddable":true,"href":"https:\/\/villavolli.ee\/en\/wp-json\/wp\/v2\/comments?post=268"}],"version-history":[{"count":16,"href":"https:\/\/villavolli.ee\/en\/wp-json\/wp\/v2\/pages\/268\/revisions"}],"predecessor-version":[{"id":3490,"href":"https:\/\/villavolli.ee\/en\/wp-json\/wp\/v2\/pages\/268\/revisions\/3490"}],"up":[{"embeddable":true,"href":"https:\/\/villavolli.ee\/en\/wp-json\/wp\/v2\/pages\/260"}],"wp:attachment":[{"href":"https:\/\/villavolli.ee\/en\/wp-json\/wp\/v2\/media?parent=268"}],"curies":[{"name":"wp","href":"https:\/\/api.w.org\/{rel}","templated":true}]}}