{"id":277,"date":"2018-10-08T10:23:07","date_gmt":"2018-10-08T07:23:07","guid":{"rendered":"https:\/\/villavolli.ee\/toode\/istumisalus\/"},"modified":"2020-04-01T19:52:11","modified_gmt":"2020-04-01T16:52:11","slug":"istumisalus","status":"publish","type":"product","link":"https:\/\/villavolli.ee\/en\/toode\/istumisalus\/","title":{"rendered":"Istumisalus"},"content":{"rendered":"<ul>\n<li>k\u00e4sitsi m\u00e4rgvilditud<\/li>\n<li>kihnu maalamba v\u00e4rvimata vill<\/li>\n<li>56&#215;38 cm<\/li>\n<li>hooldusjuhend<\/li>\n<\/ul>\n","protected":false},"excerpt":{"rendered":"<p>k\u00e4sitsi m\u00e4rgvilditud kihnu maalamba v\u00e4rvimata vill 56&#215;38 cm hooldusjuhend<\/p>\n","protected":false},"featured_media":231,"template":"","meta":[],"product_brand":[],"product_cat":[32],"product_tag":[],"class_list":{"0":"post-277","1":"product","2":"type-product","3":"status-publish","4":"has-post-thumbnail","6":"product_cat-muu-en","8":"first","9":"instock","10":"shipping-taxable","11":"purchasable","12":"product-type-simple"},"_links":{"self":[{"href":"https:\/\/villavolli.ee\/en\/wp-json\/wp\/v2\/product\/277","targetHints":{"allow":["GET"]}}],"collection":[{"href":"https:\/\/villavolli.ee\/en\/wp-json\/wp\/v2\/product"}],"about":[{"href":"https:\/\/villavolli.ee\/en\/wp-json\/wp\/v2\/types\/product"}],"wp:featuredmedia":[{"embeddable":true,"href":"https:\/\/villavolli.ee\/en\/wp-json\/wp\/v2\/media\/231"}],"wp:attachment":[{"href":"https:\/\/villavolli.ee\/en\/wp-json\/wp\/v2\/media?parent=277"}],"wp:term":[{"taxonomy":"product_brand","embeddable":true,"href":"https:\/\/villavolli.ee\/en\/wp-json\/wp\/v2\/product_brand?post=277"},{"taxonomy":"product_cat","embeddable":true,"href":"https:\/\/villavolli.ee\/en\/wp-json\/wp\/v2\/product_cat?post=277"},{"taxonomy":"product_tag","embeddable":true,"href":"https:\/\/villavolli.ee\/en\/wp-json\/wp\/v2\/product_tag?post=277"}],"curies":[{"name":"wp","href":"https:\/\/api.w.org\/{rel}","templated":true}]}}