{"id":279,"date":"2018-10-08T10:22:25","date_gmt":"2018-10-08T07:22:25","guid":{"rendered":"https:\/\/villavolli.ee\/toode\/test-toode-kopeeri\/"},"modified":"2023-06-21T10:14:47","modified_gmt":"2023-06-21T07:14:47","slug":"test-toode-kopeeri","status":"publish","type":"product","link":"https:\/\/villavolli.ee\/en\/toode\/test-toode-kopeeri\/","title":{"rendered":"Purudega vaip"},"content":{"rendered":"<ul>\n<li>k\u00e4sitsi m\u00e4rgvilditud<\/li>\n<li>kihnu maalamba vill<\/li>\n<li>eenduv villaku osa on j\u00e4etud purudest puhastamata<\/li>\n<li>162 X 117 cm<\/li>\n<\/ul>\n<p>&nbsp;<\/p>\n","protected":false},"excerpt":{"rendered":"<p>k\u00e4sitsi m\u00e4rgvilditud kihnu maalamba vill eenduv villaku osa on j\u00e4etud purudest puhastamata 162 X 117 cm &nbsp;<\/p>\n","protected":false},"featured_media":233,"template":"","meta":[],"product_brand":[],"product_cat":[30],"product_tag":[],"class_list":{"0":"post-279","1":"product","2":"type-product","3":"status-publish","4":"has-post-thumbnail","6":"product_cat-vilditud-sinavaibad-en","8":"first","9":"instock","10":"shipping-taxable","11":"purchasable","12":"product-type-simple"},"_links":{"self":[{"href":"https:\/\/villavolli.ee\/en\/wp-json\/wp\/v2\/product\/279","targetHints":{"allow":["GET"]}}],"collection":[{"href":"https:\/\/villavolli.ee\/en\/wp-json\/wp\/v2\/product"}],"about":[{"href":"https:\/\/villavolli.ee\/en\/wp-json\/wp\/v2\/types\/product"}],"wp:featuredmedia":[{"embeddable":true,"href":"https:\/\/villavolli.ee\/en\/wp-json\/wp\/v2\/media\/233"}],"wp:attachment":[{"href":"https:\/\/villavolli.ee\/en\/wp-json\/wp\/v2\/media?parent=279"}],"wp:term":[{"taxonomy":"product_brand","embeddable":true,"href":"https:\/\/villavolli.ee\/en\/wp-json\/wp\/v2\/product_brand?post=279"},{"taxonomy":"product_cat","embeddable":true,"href":"https:\/\/villavolli.ee\/en\/wp-json\/wp\/v2\/product_cat?post=279"},{"taxonomy":"product_tag","embeddable":true,"href":"https:\/\/villavolli.ee\/en\/wp-json\/wp\/v2\/product_tag?post=279"}],"curies":[{"name":"wp","href":"https:\/\/api.w.org\/{rel}","templated":true}]}}